{"id":935,"date":"2023-03-23T21:57:14","date_gmt":"2023-03-23T19:57:14","guid":{"rendered":"https:\/\/msjlruneberg.fi\/kundrespons\/"},"modified":"2024-03-06T15:40:40","modified_gmt":"2024-03-06T13:40:40","slug":"kundrespons","status":"publish","type":"page","link":"https:\/\/msjlruneberg.fi\/sv\/kundrespons\/","title":{"rendered":"Kundrespons"},"content":{"rendered":"<style>.kb-row-layout-id182_6c2d4c-18 > .kt-row-column-wrap{align-content:start;}:where(.kb-row-layout-id182_6c2d4c-18 > .kt-row-column-wrap) > .wp-block-kadence-column{justify-content:start;}.kb-row-layout-id182_6c2d4c-18 > .kt-row-column-wrap{column-gap:var(--global-kb-gap-md, 2rem);row-gap:var(--global-kb-gap-md, 2rem);max-width:var( --global-content-width, 1290px );padding-left:var(--global-content-edge-padding);padding-right:var(--global-content-edge-padding);padding-top:120px;padding-right:20px;padding-bottom:121px;padding-left:20px;min-height:350px;grid-template-columns:minmax(0, calc(52% - ((var(--global-kb-gap-md, 2rem) * 1 )\/2)))minmax(0, calc(48% - ((var(--global-kb-gap-md, 2rem) * 1 )\/2)));}.kb-row-layout-id182_6c2d4c-18{background-image:url('https:\/\/msjlruneberg.fi\/wp-content\/uploads\/2023\/03\/ms-jl-runeberg-ilta-auringossa.jpg');background-size:cover;background-position:62% 43%;background-attachment:scroll;background-repeat:no-repeat;}.kb-row-layout-id182_6c2d4c-18 > .kt-row-layout-overlay{opacity:0.60;}@media all and (max-width: 1024px){.kb-row-layout-id182_6c2d4c-18 > .kt-row-column-wrap{padding-top:60px;padding-right:90px;padding-bottom:60px;padding-left:90px;grid-template-columns:minmax(0, 1fr);}}@media all and (max-width: 767px){.kb-row-layout-id182_6c2d4c-18 > .kt-row-column-wrap{padding-top:80px;padding-bottom:80px;min-height:300px;grid-template-columns:minmax(0, 1fr);}.kb-row-layout-wrap.wp-block-kadence-rowlayout.kb-row-layout-id182_6c2d4c-18{background-image:url('https:\/\/msjlruneberg.fi\/wp-content\/uploads\/2023\/03\/ms-jl-runeberg-ilta-auringossa-1.jpg');background-size:cover;background-position:center center;background-attachment:scroll;background-repeat:no-repeat;}}<\/style><div class=\"kb-row-layout-wrap kb-row-layout-id182_6c2d4c-18 alignnone kt-row-has-bg wp-block-kadence-rowlayout\"><div class=\"kt-row-column-wrap kt-has-2-columns kt-row-layout-left-golden kt-tab-layout-row kt-mobile-layout-row kt-row-valign-top kb-theme-content-width\">\n<style>.kadence-column182_abde58-05 > .kt-inside-inner-col{padding-right:0px;padding-left:0px;}.kadence-column182_abde58-05 > .kt-inside-inner-col,.kadence-column182_abde58-05 > .kt-inside-inner-col:before{border-top-left-radius:0px;border-top-right-radius:0px;border-bottom-right-radius:0px;border-bottom-left-radius:0px;}.kadence-column182_abde58-05 > .kt-inside-inner-col{column-gap:var(--global-kb-gap-sm, 1rem);}.kadence-column182_abde58-05 > .kt-inside-inner-col{flex-direction:column;}.kadence-column182_abde58-05 > .kt-inside-inner-col > .aligncenter{width:100%;}.kadence-column182_abde58-05 > .kt-inside-inner-col:before{opacity:0.3;}.kadence-column182_abde58-05{position:relative;}.kadence-column182_abde58-05, .kt-inside-inner-col > .kadence-column182_abde58-05:not(.specificity){margin-right:90px;margin-left:10px;}@media all and (max-width: 1024px){.kadence-column182_abde58-05 > .kt-inside-inner-col{flex-direction:column;justify-content:center;}}@media all and (max-width: 1024px){.kadence-column182_abde58-05, .kt-inside-inner-col > .kadence-column182_abde58-05:not(.specificity){margin-top:0px;margin-right:0px;margin-bottom:0px;margin-left:0px;}}@media all and (max-width: 767px){.kadence-column182_abde58-05 > .kt-inside-inner-col{padding-right:0px;padding-left:0px;flex-direction:column;justify-content:center;}.kadence-column182_abde58-05, .kt-inside-inner-col > .kadence-column182_abde58-05:not(.specificity){margin-right:0px;margin-left:0px;}}<\/style>\n<div class=\"wp-block-kadence-column kadence-column182_abde58-05 inner-column-1\"><div class=\"kt-inside-inner-col\"><\/div><\/div>\n\n\n<style>.kadence-column182_66e005-3e > .kt-inside-inner-col,.kadence-column182_66e005-3e > .kt-inside-inner-col:before{border-top-left-radius:0px;border-top-right-radius:0px;border-bottom-right-radius:0px;border-bottom-left-radius:0px;}.kadence-column182_66e005-3e > .kt-inside-inner-col{column-gap:var(--global-kb-gap-sm, 1rem);}.kadence-column182_66e005-3e > .kt-inside-inner-col{flex-direction:column;}.kadence-column182_66e005-3e > .kt-inside-inner-col > .aligncenter{width:100%;}.kadence-column182_66e005-3e > .kt-inside-inner-col:before{opacity:0.3;}.kadence-column182_66e005-3e{position:relative;}@media all and (max-width: 1024px){.kadence-column182_66e005-3e > .kt-inside-inner-col{flex-direction:column;justify-content:center;}}@media all and (max-width: 767px){.kadence-column182_66e005-3e > .kt-inside-inner-col{flex-direction:column;justify-content:center;}}<\/style>\n<div class=\"wp-block-kadence-column kadence-column182_66e005-3e kvs-md-false kvs-sm-false inner-column-2\"><div class=\"kt-inside-inner-col\"><\/div><\/div>\n\n<\/div><\/div><style>.kb-row-layout-id182_b842fe-fe > .kt-row-column-wrap{align-content:start;}:where(.kb-row-layout-id182_b842fe-fe > .kt-row-column-wrap) > .wp-block-kadence-column{justify-content:start;}.kb-row-layout-id182_b842fe-fe > .kt-row-column-wrap{column-gap:20px;row-gap:40px;max-width:var( --global-content-width, 1290px );padding-left:var(--global-content-edge-padding);padding-right:var(--global-content-edge-padding);padding-top:0px;padding-right:20px;padding-bottom:80px;padding-left:20px;grid-template-columns:minmax(0, 1fr);}.kb-row-layout-id182_b842fe-fe > .kt-row-layout-overlay{opacity:0.30;}@media all and (max-width: 1024px){.kb-row-layout-id182_b842fe-fe > .kt-row-column-wrap{padding-right:150px;padding-left:150px;grid-template-columns:minmax(0, 1fr);}}@media all and (max-width: 767px){.kb-row-layout-id182_b842fe-fe > .kt-row-column-wrap{padding-right:0px;padding-bottom:0px;padding-left:0px;grid-template-columns:minmax(0, 1fr);}}<\/style><div class=\"kb-row-layout-wrap kb-row-layout-id182_b842fe-fe alignnone wp-block-kadence-rowlayout\"><div class=\"kt-row-column-wrap kt-has-1-columns kt-row-layout-equal kt-tab-layout-inherit kt-mobile-layout-row kt-row-valign-top kb-theme-content-width\">\n<style>.kadence-column182_40dcde-f8 > .kt-inside-inner-col{padding-top:0px;padding-right:0px;padding-bottom:0px;padding-left:0px;}.kadence-column182_40dcde-f8 > .kt-inside-inner-col,.kadence-column182_40dcde-f8 > .kt-inside-inner-col:before{border-top-left-radius:0px;border-top-right-radius:0px;border-bottom-right-radius:0px;border-bottom-left-radius:0px;}.kadence-column182_40dcde-f8 > .kt-inside-inner-col{column-gap:var(--global-kb-gap-sm, 1rem);}.kadence-column182_40dcde-f8 > .kt-inside-inner-col{flex-direction:column;}.kadence-column182_40dcde-f8 > .kt-inside-inner-col > .aligncenter{width:100%;}.kadence-column182_40dcde-f8 > .kt-inside-inner-col:before{opacity:0.3;}.kadence-column182_40dcde-f8{position:relative;}.kadence-column182_40dcde-f8, .kt-inside-inner-col > .kadence-column182_40dcde-f8:not(.specificity){margin-top:60px;margin-right:60px;margin-bottom:0px;margin-left:10px;}@media all and (max-width: 1024px){.kadence-column182_40dcde-f8 > .kt-inside-inner-col{flex-direction:column;justify-content:center;}}@media all and (max-width: 1024px){.kadence-column182_40dcde-f8, .kt-inside-inner-col > .kadence-column182_40dcde-f8:not(.specificity){margin-right:0px;margin-left:0px;}}@media all and (max-width: 767px){.kadence-column182_40dcde-f8 > .kt-inside-inner-col{padding-right:20px;padding-left:20px;flex-direction:column;justify-content:center;}.kadence-column182_40dcde-f8, .kt-inside-inner-col > .kadence-column182_40dcde-f8:not(.specificity){margin-right:0px;margin-left:0px;}}<\/style>\n<div class=\"wp-block-kadence-column kadence-column182_40dcde-f8 inner-column-1\"><div class=\"kt-inside-inner-col\"><style>.wp-block-kadence-advancedheading.kt-adv-heading182_476701-ca, .wp-block-kadence-advancedheading.kt-adv-heading182_476701-ca[data-kb-block=\"kb-adv-heading182_476701-ca\"]{font-style:normal;}.wp-block-kadence-advancedheading.kt-adv-heading182_476701-ca mark.kt-highlight, .wp-block-kadence-advancedheading.kt-adv-heading182_476701-ca[data-kb-block=\"kb-adv-heading182_476701-ca\"] mark.kt-highlight{font-style:normal;color:#f76a0c;-webkit-box-decoration-break:clone;box-decoration-break:clone;padding-top:0px;padding-right:0px;padding-bottom:0px;padding-left:0px;}.wp-block-kadence-advancedheading.kt-adv-heading182_476701-ca img.kb-inline-image, .wp-block-kadence-advancedheading.kt-adv-heading182_476701-ca[data-kb-block=\"kb-adv-heading182_476701-ca\"] img.kb-inline-image{width:150px;vertical-align:baseline;}<\/style>\n<h1 class=\"kt-adv-heading182_476701-ca wp-block-kadence-advancedheading\" data-kb-block=\"kb-adv-heading182_476701-ca\">Kundrespons<\/h1>\n\n\n<style>.wp-block-kadence-advancedheading.kt-adv-heading182_ab3c99-5b, .wp-block-kadence-advancedheading.kt-adv-heading182_ab3c99-5b[data-kb-block=\"kb-adv-heading182_ab3c99-5b\"]{font-style:normal;}.wp-block-kadence-advancedheading.kt-adv-heading182_ab3c99-5b mark.kt-highlight, .wp-block-kadence-advancedheading.kt-adv-heading182_ab3c99-5b[data-kb-block=\"kb-adv-heading182_ab3c99-5b\"] mark.kt-highlight{font-style:normal;color:#f76a0c;-webkit-box-decoration-break:clone;box-decoration-break:clone;padding-top:0px;padding-right:0px;padding-bottom:0px;padding-left:0px;}.wp-block-kadence-advancedheading.kt-adv-heading182_ab3c99-5b img.kb-inline-image, .wp-block-kadence-advancedheading.kt-adv-heading182_ab3c99-5b[data-kb-block=\"kb-adv-heading182_ab3c99-5b\"] img.kb-inline-image{width:150px;vertical-align:baseline;}<\/style>\n<h3 class=\"kt-adv-heading182_ab3c99-5b wp-block-kadence-advancedheading\" data-kb-block=\"kb-adv-heading182_ab3c99-5b\">B\u00e4sta kund, ber\u00e4tta din \u00e5sikt om din resa.<\/h3>\n\n\n\n<p>Din \u00e5sikt \u00e4r viktig f\u00f6r oss och f\u00f6r utvecklingen av verksamheten. Vi behandlar all kundrespons med f\u00f6rtroende och vi str\u00e4var till att reagera p\u00e5 f\u00f6r\u00e4ndringsbehov s\u00e5 snabbt som m\u00f6jligt.<\/p>\n\n\n<style>.wp-block-kadence-advancedheading.kt-adv-heading182_f89901-7f, .wp-block-kadence-advancedheading.kt-adv-heading182_f89901-7f[data-kb-block=\"kb-adv-heading182_f89901-7f\"]{font-style:normal;}.wp-block-kadence-advancedheading.kt-adv-heading182_f89901-7f mark.kt-highlight, .wp-block-kadence-advancedheading.kt-adv-heading182_f89901-7f[data-kb-block=\"kb-adv-heading182_f89901-7f\"] mark.kt-highlight{font-style:normal;color:#f76a0c;-webkit-box-decoration-break:clone;box-decoration-break:clone;padding-top:0px;padding-right:0px;padding-bottom:0px;padding-left:0px;}.wp-block-kadence-advancedheading.kt-adv-heading182_f89901-7f img.kb-inline-image, .wp-block-kadence-advancedheading.kt-adv-heading182_f89901-7f[data-kb-block=\"kb-adv-heading182_f89901-7f\"] img.kb-inline-image{width:150px;vertical-align:baseline;}<\/style>\n<h4 class=\"kt-adv-heading182_f89901-7f wp-block-kadence-advancedheading\" data-kb-block=\"kb-adv-heading182_f89901-7f\">Feedback-formul\u00e4r<\/h4>\n\n\n\n<p>Fyll i feedback-formul\u00e4ret \u2212 vi svarar p\u00e5 responsen s\u00e5 snabbt som m\u00f6jligt!<\/p>\n\n\n<style>.kb-form input.kadence-blocks-field.verify{opacity:0.0;position:absolute;top:0.0;left:0.0;width:0.0;height:0.0;z-index:-1;}<\/style>\n<div class=\"wp-block-kadence-form kadence-form-182_9249f0-7e kb-form-wrap\"><form class=\"kb-form\" action=\"\" method=\"post\"><div class=\"kadence-blocks-form-field kb-field-desk-width-100 kb-input-size-standard\"><label for=\"kb_field_182_9249f0-7e_0\">Resen\u00e4rens namn<span class=\"required\">*<\/span><\/label><span id=\"kb_field_desc_182_9249f0-7e_0\" class=\"screen-reader-text\">Fyll i passagerarens namn<\/span><input name=\"kb_field_0\" id=\"kb_field_182_9249f0-7e_0\" data-label=\"Matkustajan nimi\" type=\"text\" placeholder=\"\" value=\"\" data-type=\"text\" class=\"kb-field kb-text-style-field kb-text-field kb-field-0\" data-required=\"yes\" aria-describedby=\"kb_field_desc_182_9249f0-7e_0\"\/><\/div><div class=\"kadence-blocks-form-field kb-form-field-1 kb-field-desk-width-100 kb-input-size-standard\"><label for=\"kb_field_182_9249f0-7e_1\">Telefonnummer<span class=\"required\">*<\/span><\/label><span id=\"kb_field_desc_182_9249f0-7e_1\" class=\"screen-reader-text\">Fyll i telefonnummer<\/span><input name=\"kb_field_1\" id=\"kb_field_182_9249f0-7e_1\" data-label=\"Puhelinnumero\" type=\"tel\" placeholder=\"\" value=\"\" data-type=\"tel\" class=\"kb-field kb-text-style-field kb-tel-field kb-field-1\" data-required=\"yes\" aria-describedby=\"kb_field_desc_182_9249f0-7e_1\"\/><\/div><div class=\"kadence-blocks-form-field kb-form-field-2 kb-field-desk-width-100 kb-input-size-standard\"><label for=\"kb_field_182_9249f0-7e_2\">E-post<span class=\"required\">*<\/span><\/label><span id=\"kb_field_desc_182_9249f0-7e_2\" class=\"screen-reader-text\">Fyll i e-postadress<\/span><input name=\"kb_field_2\" id=\"kb_field_182_9249f0-7e_2\" data-label=\"S-posti\" type=\"email\" placeholder=\"\" value=\"\" data-type=\"email\" class=\"kb-field kb-text-style-field kb-email-field kb-field-2\" data-required=\"yes\" aria-describedby=\"kb_field_desc_182_9249f0-7e_2\"\/><\/div><div class=\"kadence-blocks-form-field kb-form-field-3 kb-field-desk-width-100 kb-input-size-standard\"><label for=\"kb_field_182_9249f0-7e_3\">Kryssningsdatum<span class=\"required\">*<\/span><\/label><span id=\"kb_field_desc_182_9249f0-7e_3\" class=\"screen-reader-text\">Fyll i kryssningens datum<\/span><input name=\"kb_field_3\" id=\"kb_field_182_9249f0-7e_3\" data-label=\"Risteilyn p&#xE4;iv&#xE4;m&#xE4;&#xE4;r&#xE4;\" type=\"text\" placeholder=\"\" value=\"\" data-type=\"text\" class=\"kb-field kb-text-style-field kb-text-field kb-field-3\" data-required=\"yes\" aria-describedby=\"kb_field_desc_182_9249f0-7e_3\"\/><\/div><div class=\"kadence-blocks-form-field kb-form-field-4 kb-field-desk-width-100 kb-input-size-standard\"><label for=\"kb_field_182_9249f0-7e_4\">Respons<span class=\"required\">*<\/span><\/label><span id=\"kb_field_desc_182_9249f0-7e_4\" class=\"screen-reader-text\">Skriv din feedback till oss<\/span><textarea name=\"kb_field_4\" id=\"kb_field_182_9249f0-7e_4\" data-label=\"Palaute\" type=\"textarea\" placeholder=\"\" data-type=\"textarea\" class=\"kb-field kb-text-style-field kb-textarea-field kb-field-4\" rows=\"4\" data-required=\"yes\" aria-describedby=\"kb_field_desc_182_9249f0-7e_4\"><\/textarea><\/div><input type=\"hidden\" name=\"_kb_form_id\" value=\"182_9249f0-7e\"\/><input type=\"hidden\" name=\"_kb_form_post_id\" value=\"935\"\/><input type=\"hidden\" name=\"action\" value=\"kb_process_ajax_submit\"\/><label class=\"kadence-verify-label\">Email<input class=\"kadence-blocks-field verify\" type=\"text\" name=\"_kb_verify_email\" autocomplete=\"new-password\" aria-hidden=\"true\" placeholder=\"Email\" tabindex=\"-1\" data-1p-ignore=\"true\" data-lpignore=\"true\" \/><\/label><div class=\"kadence-blocks-form-field kb-submit-field kb-field-desk-width-100\"><button class=\"kb-forms-submit button kb-button-size-standard kb-button-width-auto\">Skicka<\/button><\/div><\/form><\/div>\n<noscript><div class=\"kadence-blocks-form-message kadence-blocks-form-warning\">Please enable JavaScript in your browser to submit the form<\/div><style>.kadence-form-182_9249f0-7e .kadence-blocks-form-field.kb-submit-field { display: none; }<\/style><\/noscript><\/div><\/div>\n\n<\/div><\/div>\n<p><\/p>\n","protected":false},"excerpt":{"rendered":"<p>Kundrespons B\u00e4sta kund, ber\u00e4tta din \u00e5sikt om din resa. Din \u00e5sikt \u00e4r viktig f\u00f6r oss och f\u00f6r utvecklingen av verksamheten. Vi behandlar all kundrespons med f\u00f6rtroende och vi str\u00e4var till att reagera p\u00e5 f\u00f6r\u00e4ndringsbehov s\u00e5 snabbt som m\u00f6jligt. Feedback-formul\u00e4r Fyll i feedback-formul\u00e4ret \u2212 vi svarar p\u00e5 responsen s\u00e5 snabbt som m\u00f6jligt!<\/p>\n","protected":false},"author":1,"featured_media":115,"parent":0,"menu_order":0,"comment_status":"closed","ping_status":"closed","template":"","meta":{"_kad_blocks_custom_css":"","_kad_blocks_head_custom_js":"","_kad_blocks_body_custom_js":"","_kad_blocks_footer_custom_js":"","_kad_post_transparent":"","_kad_post_title":"hide","_kad_post_layout":"fullwidth","_kad_post_sidebar_id":"","_kad_post_content_style":"unboxed","_kad_post_vertical_padding":"hide","_kad_post_feature":"hide","_kad_post_feature_position":"","_kad_post_header":false,"_kad_post_footer":false,"_kad_post_classname":"","footnotes":""},"class_list":["post-935","page","type-page","status-publish","has-post-thumbnail","hentry"],"yoast_head":"<!-- This site is optimized with the Yoast SEO plugin v27.3 - https:\/\/yoast.com\/product\/yoast-seo-wordpress\/ -->\n<title>Kundrespons - m\/s J.L. Runeberg<\/title>\n<meta name=\"description\" content=\"Feedback-formul\u00e4r B\u00e4sta kund, ber\u00e4tta din \u00e5sikt om din resa. Vi behandlar all kundrespons med f\u00f6rtroende.\" \/>\n<meta name=\"robots\" content=\"index, follow, max-snippet:-1, max-image-preview:large, max-video-preview:-1\" \/>\n<link rel=\"canonical\" href=\"https:\/\/msjlruneberg.fi\/sv\/kundrespons\/\" \/>\n<meta property=\"og:locale\" content=\"sv_SE\" \/>\n<meta property=\"og:type\" content=\"article\" \/>\n<meta property=\"og:title\" content=\"Kundrespons - m\/s J.L. Runeberg\" \/>\n<meta property=\"og:description\" content=\"Feedback-formul\u00e4r B\u00e4sta kund, ber\u00e4tta din \u00e5sikt om din resa. Vi behandlar all kundrespons med f\u00f6rtroende.\" \/>\n<meta property=\"og:url\" content=\"https:\/\/msjlruneberg.fi\/sv\/kundrespons\/\" \/>\n<meta property=\"og:site_name\" content=\"m\/s J.L. Runeberg\" \/>\n<meta property=\"article:publisher\" content=\"https:\/\/www.facebook.com\/msjlruneberg\/\" \/>\n<meta property=\"article:modified_time\" content=\"2024-03-06T13:40:40+00:00\" \/>\n<meta property=\"og:image\" content=\"https:\/\/msjlruneberg.fi\/wp-content\/uploads\/2023\/03\/ms-jl-runeberg-ilta-auringossa-2.jpg\" \/>\n\t<meta property=\"og:image:width\" content=\"1200\" \/>\n\t<meta property=\"og:image:height\" content=\"675\" \/>\n\t<meta property=\"og:image:type\" content=\"image\/jpeg\" \/>\n<meta name=\"twitter:card\" content=\"summary_large_image\" \/>\n<script type=\"application\/ld+json\" class=\"yoast-schema-graph\">{\"@context\":\"https:\\\/\\\/schema.org\",\"@graph\":[{\"@type\":\"WebPage\",\"@id\":\"https:\\\/\\\/msjlruneberg.fi\\\/sv\\\/kundrespons\\\/\",\"url\":\"https:\\\/\\\/msjlruneberg.fi\\\/sv\\\/kundrespons\\\/\",\"name\":\"Kundrespons - m\\\/s J.L. Runeberg\",\"isPartOf\":{\"@id\":\"https:\\\/\\\/msjlruneberg.fi\\\/sv\\\/#website\"},\"primaryImageOfPage\":{\"@id\":\"https:\\\/\\\/msjlruneberg.fi\\\/sv\\\/kundrespons\\\/#primaryimage\"},\"image\":{\"@id\":\"https:\\\/\\\/msjlruneberg.fi\\\/sv\\\/kundrespons\\\/#primaryimage\"},\"thumbnailUrl\":\"https:\\\/\\\/msjlruneberg.fi\\\/wp-content\\\/uploads\\\/2023\\\/03\\\/ms-jl-runeberg-ilta-auringossa-2.jpg\",\"datePublished\":\"2023-03-23T19:57:14+00:00\",\"dateModified\":\"2024-03-06T13:40:40+00:00\",\"description\":\"Feedback-formul\u00e4r B\u00e4sta kund, ber\u00e4tta din \u00e5sikt om din resa. Vi behandlar all kundrespons med f\u00f6rtroende.\",\"breadcrumb\":{\"@id\":\"https:\\\/\\\/msjlruneberg.fi\\\/sv\\\/kundrespons\\\/#breadcrumb\"},\"inLanguage\":\"sv-SE\",\"potentialAction\":[{\"@type\":\"ReadAction\",\"target\":[\"https:\\\/\\\/msjlruneberg.fi\\\/sv\\\/kundrespons\\\/\"]}]},{\"@type\":\"ImageObject\",\"inLanguage\":\"sv-SE\",\"@id\":\"https:\\\/\\\/msjlruneberg.fi\\\/sv\\\/kundrespons\\\/#primaryimage\",\"url\":\"https:\\\/\\\/msjlruneberg.fi\\\/wp-content\\\/uploads\\\/2023\\\/03\\\/ms-jl-runeberg-ilta-auringossa-2.jpg\",\"contentUrl\":\"https:\\\/\\\/msjlruneberg.fi\\\/wp-content\\\/uploads\\\/2023\\\/03\\\/ms-jl-runeberg-ilta-auringossa-2.jpg\",\"width\":1200,\"height\":675,\"caption\":\"m\\\/s J.L. Runeberg i kv\u00e4llssolen. P\u00e5 bilden syns en stenbryggga.\"},{\"@type\":\"BreadcrumbList\",\"@id\":\"https:\\\/\\\/msjlruneberg.fi\\\/sv\\\/kundrespons\\\/#breadcrumb\",\"itemListElement\":[{\"@type\":\"ListItem\",\"position\":1,\"name\":\"Etusivu\",\"item\":\"https:\\\/\\\/msjlruneberg.fi\\\/sv\\\/\"},{\"@type\":\"ListItem\",\"position\":2,\"name\":\"Kundrespons\"}]},{\"@type\":\"WebSite\",\"@id\":\"https:\\\/\\\/msjlruneberg.fi\\\/sv\\\/#website\",\"url\":\"https:\\\/\\\/msjlruneberg.fi\\\/sv\\\/\",\"name\":\"m\\\/s J.L. Runeberg\",\"description\":\"Kryssningar fr\u00e5n Helsingfors till Borg\u00e5 och Lovisa.\",\"publisher\":{\"@id\":\"https:\\\/\\\/msjlruneberg.fi\\\/sv\\\/#organization\"},\"alternateName\":\"Runeberg laiva\",\"potentialAction\":[{\"@type\":\"SearchAction\",\"target\":{\"@type\":\"EntryPoint\",\"urlTemplate\":\"https:\\\/\\\/msjlruneberg.fi\\\/sv\\\/?s={search_term_string}\"},\"query-input\":{\"@type\":\"PropertyValueSpecification\",\"valueRequired\":true,\"valueName\":\"search_term_string\"}}],\"inLanguage\":\"sv-SE\"},{\"@type\":\"Organization\",\"@id\":\"https:\\\/\\\/msjlruneberg.fi\\\/sv\\\/#organization\",\"name\":\"Varustamo Oy J.L. Runeberg\",\"alternateName\":\"Runeberg\",\"url\":\"https:\\\/\\\/msjlruneberg.fi\\\/sv\\\/\",\"logo\":{\"@type\":\"ImageObject\",\"inLanguage\":\"sv-SE\",\"@id\":\"https:\\\/\\\/msjlruneberg.fi\\\/sv\\\/#\\\/schema\\\/logo\\\/image\\\/\",\"url\":\"https:\\\/\\\/msjlruneberg.fi\\\/wp-content\\\/uploads\\\/2023\\\/03\\\/msjl-logo-blue.png\",\"contentUrl\":\"https:\\\/\\\/msjlruneberg.fi\\\/wp-content\\\/uploads\\\/2023\\\/03\\\/msjl-logo-blue.png\",\"width\":400,\"height\":82,\"caption\":\"Varustamo Oy J.L. Runeberg\"},\"image\":{\"@id\":\"https:\\\/\\\/msjlruneberg.fi\\\/sv\\\/#\\\/schema\\\/logo\\\/image\\\/\"},\"sameAs\":[\"https:\\\/\\\/www.facebook.com\\\/msjlruneberg\\\/\",\"https:\\\/\\\/www.instagram.com\\\/msjlruneberg\\\/\",\"https:\\\/\\\/www.linkedin.com\\\/company\\\/m-s-j-l-runeberg\\\/\",\"https:\\\/\\\/www.youtube.com\\\/channel\\\/UCm0qggvrye3Rs50zKz86BeA\"]}]}<\/script>\n<!-- \/ Yoast SEO plugin. -->","yoast_head_json":{"title":"Kundrespons - m\/s J.L. Runeberg","description":"Feedback-formul\u00e4r B\u00e4sta kund, ber\u00e4tta din \u00e5sikt om din resa. Vi behandlar all kundrespons med f\u00f6rtroende.","robots":{"index":"index","follow":"follow","max-snippet":"max-snippet:-1","max-image-preview":"max-image-preview:large","max-video-preview":"max-video-preview:-1"},"canonical":"https:\/\/msjlruneberg.fi\/sv\/kundrespons\/","og_locale":"sv_SE","og_type":"article","og_title":"Kundrespons - m\/s J.L. Runeberg","og_description":"Feedback-formul\u00e4r B\u00e4sta kund, ber\u00e4tta din \u00e5sikt om din resa. Vi behandlar all kundrespons med f\u00f6rtroende.","og_url":"https:\/\/msjlruneberg.fi\/sv\/kundrespons\/","og_site_name":"m\/s J.L. Runeberg","article_publisher":"https:\/\/www.facebook.com\/msjlruneberg\/","article_modified_time":"2024-03-06T13:40:40+00:00","og_image":[{"width":1200,"height":675,"url":"https:\/\/msjlruneberg.fi\/wp-content\/uploads\/2023\/03\/ms-jl-runeberg-ilta-auringossa-2.jpg","type":"image\/jpeg"}],"twitter_card":"summary_large_image","schema":{"@context":"https:\/\/schema.org","@graph":[{"@type":"WebPage","@id":"https:\/\/msjlruneberg.fi\/sv\/kundrespons\/","url":"https:\/\/msjlruneberg.fi\/sv\/kundrespons\/","name":"Kundrespons - m\/s J.L. Runeberg","isPartOf":{"@id":"https:\/\/msjlruneberg.fi\/sv\/#website"},"primaryImageOfPage":{"@id":"https:\/\/msjlruneberg.fi\/sv\/kundrespons\/#primaryimage"},"image":{"@id":"https:\/\/msjlruneberg.fi\/sv\/kundrespons\/#primaryimage"},"thumbnailUrl":"https:\/\/msjlruneberg.fi\/wp-content\/uploads\/2023\/03\/ms-jl-runeberg-ilta-auringossa-2.jpg","datePublished":"2023-03-23T19:57:14+00:00","dateModified":"2024-03-06T13:40:40+00:00","description":"Feedback-formul\u00e4r B\u00e4sta kund, ber\u00e4tta din \u00e5sikt om din resa. Vi behandlar all kundrespons med f\u00f6rtroende.","breadcrumb":{"@id":"https:\/\/msjlruneberg.fi\/sv\/kundrespons\/#breadcrumb"},"inLanguage":"sv-SE","potentialAction":[{"@type":"ReadAction","target":["https:\/\/msjlruneberg.fi\/sv\/kundrespons\/"]}]},{"@type":"ImageObject","inLanguage":"sv-SE","@id":"https:\/\/msjlruneberg.fi\/sv\/kundrespons\/#primaryimage","url":"https:\/\/msjlruneberg.fi\/wp-content\/uploads\/2023\/03\/ms-jl-runeberg-ilta-auringossa-2.jpg","contentUrl":"https:\/\/msjlruneberg.fi\/wp-content\/uploads\/2023\/03\/ms-jl-runeberg-ilta-auringossa-2.jpg","width":1200,"height":675,"caption":"m\/s J.L. Runeberg i kv\u00e4llssolen. P\u00e5 bilden syns en stenbryggga."},{"@type":"BreadcrumbList","@id":"https:\/\/msjlruneberg.fi\/sv\/kundrespons\/#breadcrumb","itemListElement":[{"@type":"ListItem","position":1,"name":"Etusivu","item":"https:\/\/msjlruneberg.fi\/sv\/"},{"@type":"ListItem","position":2,"name":"Kundrespons"}]},{"@type":"WebSite","@id":"https:\/\/msjlruneberg.fi\/sv\/#website","url":"https:\/\/msjlruneberg.fi\/sv\/","name":"m\/s J.L. Runeberg","description":"Kryssningar fr\u00e5n Helsingfors till Borg\u00e5 och Lovisa.","publisher":{"@id":"https:\/\/msjlruneberg.fi\/sv\/#organization"},"alternateName":"Runeberg laiva","potentialAction":[{"@type":"SearchAction","target":{"@type":"EntryPoint","urlTemplate":"https:\/\/msjlruneberg.fi\/sv\/?s={search_term_string}"},"query-input":{"@type":"PropertyValueSpecification","valueRequired":true,"valueName":"search_term_string"}}],"inLanguage":"sv-SE"},{"@type":"Organization","@id":"https:\/\/msjlruneberg.fi\/sv\/#organization","name":"Varustamo Oy J.L. Runeberg","alternateName":"Runeberg","url":"https:\/\/msjlruneberg.fi\/sv\/","logo":{"@type":"ImageObject","inLanguage":"sv-SE","@id":"https:\/\/msjlruneberg.fi\/sv\/#\/schema\/logo\/image\/","url":"https:\/\/msjlruneberg.fi\/wp-content\/uploads\/2023\/03\/msjl-logo-blue.png","contentUrl":"https:\/\/msjlruneberg.fi\/wp-content\/uploads\/2023\/03\/msjl-logo-blue.png","width":400,"height":82,"caption":"Varustamo Oy J.L. Runeberg"},"image":{"@id":"https:\/\/msjlruneberg.fi\/sv\/#\/schema\/logo\/image\/"},"sameAs":["https:\/\/www.facebook.com\/msjlruneberg\/","https:\/\/www.instagram.com\/msjlruneberg\/","https:\/\/www.linkedin.com\/company\/m-s-j-l-runeberg\/","https:\/\/www.youtube.com\/channel\/UCm0qggvrye3Rs50zKz86BeA"]}]}},"taxonomy_info":[],"featured_image_src_large":["https:\/\/msjlruneberg.fi\/wp-content\/uploads\/2023\/03\/ms-jl-runeberg-ilta-auringossa-2-1024x576.jpg",1024,576,true],"author_info":{"display_name":"admin","author_link":"https:\/\/msjlruneberg.fi\/sv\/author\/pamela_pvil2gjg\/"},"comment_info":"","_links":{"self":[{"href":"https:\/\/msjlruneberg.fi\/sv\/wp-json\/wp\/v2\/pages\/935","targetHints":{"allow":["GET"]}}],"collection":[{"href":"https:\/\/msjlruneberg.fi\/sv\/wp-json\/wp\/v2\/pages"}],"about":[{"href":"https:\/\/msjlruneberg.fi\/sv\/wp-json\/wp\/v2\/types\/page"}],"author":[{"embeddable":true,"href":"https:\/\/msjlruneberg.fi\/sv\/wp-json\/wp\/v2\/users\/1"}],"replies":[{"embeddable":true,"href":"https:\/\/msjlruneberg.fi\/sv\/wp-json\/wp\/v2\/comments?post=935"}],"version-history":[{"count":2,"href":"https:\/\/msjlruneberg.fi\/sv\/wp-json\/wp\/v2\/pages\/935\/revisions"}],"predecessor-version":[{"id":2530,"href":"https:\/\/msjlruneberg.fi\/sv\/wp-json\/wp\/v2\/pages\/935\/revisions\/2530"}],"wp:featuredmedia":[{"embeddable":true,"href":"https:\/\/msjlruneberg.fi\/sv\/wp-json\/wp\/v2\/media\/115"}],"wp:attachment":[{"href":"https:\/\/msjlruneberg.fi\/sv\/wp-json\/wp\/v2\/media?parent=935"}],"curies":[{"name":"wp","href":"https:\/\/api.w.org\/{rel}","templated":true}]}}