{"id":909,"date":"2023-03-29T19:27:37","date_gmt":"2023-03-29T16:27:37","guid":{"rendered":"https:\/\/msjlruneberg.fi\/bokningsvillkor\/"},"modified":"2024-09-25T09:30:11","modified_gmt":"2024-09-25T06:30:11","slug":"bokningsvillkor","status":"publish","type":"page","link":"https:\/\/msjlruneberg.fi\/sv\/bokningsvillkor\/","title":{"rendered":"Bokningsvillkor"},"content":{"rendered":"<style>.kb-row-layout-id770_6dfd22-59 > .kt-row-column-wrap{align-content:start;}:where(.kb-row-layout-id770_6dfd22-59 > .kt-row-column-wrap) > .wp-block-kadence-column{justify-content:start;}.kb-row-layout-id770_6dfd22-59 > .kt-row-column-wrap{column-gap:var(--global-kb-gap-md, 2rem);row-gap:var(--global-kb-gap-md, 2rem);max-width:var( --global-content-width, 1290px );padding-left:var(--global-content-edge-padding);padding-right:var(--global-content-edge-padding);padding-top:120px;padding-right:20px;padding-bottom:121px;padding-left:20px;min-height:350px;grid-template-columns:minmax(0, calc(52% - ((var(--global-kb-gap-md, 2rem) * 1 )\/2)))minmax(0, calc(48% - ((var(--global-kb-gap-md, 2rem) * 1 )\/2)));}.kb-row-layout-id770_6dfd22-59{background-image:url('https:\/\/msjlruneberg.fi\/wp-content\/uploads\/2023\/03\/ms-jl-runeberg-ilta-auringossa.jpg');background-size:cover;background-position:62% 43%;background-attachment:scroll;background-repeat:no-repeat;}.kb-row-layout-id770_6dfd22-59 > .kt-row-layout-overlay{opacity:0.60;}@media all and (max-width: 1024px){.kb-row-layout-id770_6dfd22-59 > .kt-row-column-wrap{padding-top:60px;padding-right:90px;padding-bottom:60px;padding-left:90px;grid-template-columns:minmax(0, 1fr);}}@media all and (max-width: 767px){.kb-row-layout-id770_6dfd22-59 > .kt-row-column-wrap{padding-top:80px;padding-bottom:80px;min-height:300px;grid-template-columns:minmax(0, 1fr);}.kb-row-layout-wrap.wp-block-kadence-rowlayout.kb-row-layout-id770_6dfd22-59{background-image:url('https:\/\/msjlruneberg.fi\/wp-content\/uploads\/2023\/03\/ms-jl-runeberg-ilta-auringossa-1.jpg');background-size:cover;background-position:center center;background-attachment:scroll;background-repeat:no-repeat;}}<\/style><div class=\"kb-row-layout-wrap kb-row-layout-id770_6dfd22-59 alignnone kt-row-has-bg wp-block-kadence-rowlayout\"><div class=\"kt-row-column-wrap kt-has-2-columns kt-row-layout-left-golden kt-tab-layout-row kt-mobile-layout-row kt-row-valign-top kb-theme-content-width\">\n<style>.kadence-column770_0b3ff1-f5 > .kt-inside-inner-col{padding-right:0px;padding-left:0px;}.kadence-column770_0b3ff1-f5 > .kt-inside-inner-col,.kadence-column770_0b3ff1-f5 > .kt-inside-inner-col:before{border-top-left-radius:0px;border-top-right-radius:0px;border-bottom-right-radius:0px;border-bottom-left-radius:0px;}.kadence-column770_0b3ff1-f5 > .kt-inside-inner-col{column-gap:var(--global-kb-gap-sm, 1rem);}.kadence-column770_0b3ff1-f5 > .kt-inside-inner-col{flex-direction:column;}.kadence-column770_0b3ff1-f5 > .kt-inside-inner-col > .aligncenter{width:100%;}.kadence-column770_0b3ff1-f5 > .kt-inside-inner-col:before{opacity:0.3;}.kadence-column770_0b3ff1-f5{position:relative;}.kadence-column770_0b3ff1-f5, .kt-inside-inner-col > .kadence-column770_0b3ff1-f5:not(.specificity){margin-right:90px;margin-left:10px;}@media all and (max-width: 1024px){.kadence-column770_0b3ff1-f5 > .kt-inside-inner-col{flex-direction:column;justify-content:center;}}@media all and (max-width: 1024px){.kadence-column770_0b3ff1-f5, .kt-inside-inner-col > .kadence-column770_0b3ff1-f5:not(.specificity){margin-top:0px;margin-right:0px;margin-bottom:0px;margin-left:0px;}}@media all and (max-width: 767px){.kadence-column770_0b3ff1-f5 > .kt-inside-inner-col{padding-right:0px;padding-left:0px;flex-direction:column;justify-content:center;}.kadence-column770_0b3ff1-f5, .kt-inside-inner-col > .kadence-column770_0b3ff1-f5:not(.specificity){margin-right:0px;margin-left:0px;}}<\/style>\n<div class=\"wp-block-kadence-column kadence-column770_0b3ff1-f5 inner-column-1\"><div class=\"kt-inside-inner-col\"><\/div><\/div>\n\n\n<style>.kadence-column770_b17dc2-59 > .kt-inside-inner-col,.kadence-column770_b17dc2-59 > .kt-inside-inner-col:before{border-top-left-radius:0px;border-top-right-radius:0px;border-bottom-right-radius:0px;border-bottom-left-radius:0px;}.kadence-column770_b17dc2-59 > .kt-inside-inner-col{column-gap:var(--global-kb-gap-sm, 1rem);}.kadence-column770_b17dc2-59 > .kt-inside-inner-col{flex-direction:column;}.kadence-column770_b17dc2-59 > .kt-inside-inner-col > .aligncenter{width:100%;}.kadence-column770_b17dc2-59 > .kt-inside-inner-col:before{opacity:0.3;}.kadence-column770_b17dc2-59{position:relative;}@media all and (max-width: 1024px){.kadence-column770_b17dc2-59 > .kt-inside-inner-col{flex-direction:column;justify-content:center;}}@media all and (max-width: 767px){.kadence-column770_b17dc2-59 > .kt-inside-inner-col{flex-direction:column;justify-content:center;}}<\/style>\n<div class=\"wp-block-kadence-column kadence-column770_b17dc2-59 kvs-md-false kvs-sm-false inner-column-2\"><div class=\"kt-inside-inner-col\"><\/div><\/div>\n\n<\/div><\/div><style>.kb-row-layout-id770_cad544-35 > .kt-row-column-wrap{align-content:start;}:where(.kb-row-layout-id770_cad544-35 > .kt-row-column-wrap) > .wp-block-kadence-column{justify-content:start;}.kb-row-layout-id770_cad544-35 > .kt-row-column-wrap{column-gap:20px;row-gap:40px;max-width:var( --global-content-width, 1290px );padding-left:var(--global-content-edge-padding);padding-right:var(--global-content-edge-padding);padding-top:0px;padding-right:20px;padding-bottom:0px;padding-left:20px;grid-template-columns:minmax(0, 1fr);}.kb-row-layout-id770_cad544-35 > .kt-row-layout-overlay{opacity:0.30;}@media all and (max-width: 1024px){.kb-row-layout-id770_cad544-35 > .kt-row-column-wrap{padding-right:150px;padding-left:150px;grid-template-columns:minmax(0, 1fr);}}@media all and (max-width: 767px){.kb-row-layout-id770_cad544-35 > .kt-row-column-wrap{padding-right:0px;padding-bottom:0px;padding-left:0px;grid-template-columns:minmax(0, 1fr);}}<\/style><div class=\"kb-row-layout-wrap kb-row-layout-id770_cad544-35 alignnone wp-block-kadence-rowlayout\"><div class=\"kt-row-column-wrap kt-has-1-columns kt-row-layout-equal kt-tab-layout-inherit kt-mobile-layout-row kt-row-valign-top kb-theme-content-width\">\n<style>.kadence-column770_8a1b32-55 > .kt-inside-inner-col{padding-top:0px;padding-right:0px;padding-bottom:0px;padding-left:0px;}.kadence-column770_8a1b32-55 > .kt-inside-inner-col,.kadence-column770_8a1b32-55 > .kt-inside-inner-col:before{border-top-left-radius:0px;border-top-right-radius:0px;border-bottom-right-radius:0px;border-bottom-left-radius:0px;}.kadence-column770_8a1b32-55 > .kt-inside-inner-col{column-gap:var(--global-kb-gap-sm, 1rem);}.kadence-column770_8a1b32-55 > .kt-inside-inner-col{flex-direction:column;}.kadence-column770_8a1b32-55 > .kt-inside-inner-col > .aligncenter{width:100%;}.kadence-column770_8a1b32-55 > .kt-inside-inner-col:before{opacity:0.3;}.kadence-column770_8a1b32-55{position:relative;}.kadence-column770_8a1b32-55, .kt-inside-inner-col > .kadence-column770_8a1b32-55:not(.specificity){margin-top:60px;margin-right:60px;margin-bottom:0px;margin-left:10px;}@media all and (max-width: 1024px){.kadence-column770_8a1b32-55 > .kt-inside-inner-col{flex-direction:column;justify-content:center;}}@media all and (max-width: 1024px){.kadence-column770_8a1b32-55, .kt-inside-inner-col > .kadence-column770_8a1b32-55:not(.specificity){margin-right:0px;margin-left:0px;}}@media all and (max-width: 767px){.kadence-column770_8a1b32-55 > .kt-inside-inner-col{padding-right:20px;padding-left:20px;flex-direction:column;justify-content:center;}.kadence-column770_8a1b32-55, .kt-inside-inner-col > .kadence-column770_8a1b32-55:not(.specificity){margin-right:0px;margin-left:0px;}}<\/style>\n<div class=\"wp-block-kadence-column kadence-column770_8a1b32-55 inner-column-1\"><div class=\"kt-inside-inner-col\"><style>.wp-block-kadence-advancedheading.kt-adv-heading770_ee17a9-7e, .wp-block-kadence-advancedheading.kt-adv-heading770_ee17a9-7e[data-kb-block=\"kb-adv-heading770_ee17a9-7e\"]{font-style:normal;}.wp-block-kadence-advancedheading.kt-adv-heading770_ee17a9-7e mark.kt-highlight, .wp-block-kadence-advancedheading.kt-adv-heading770_ee17a9-7e[data-kb-block=\"kb-adv-heading770_ee17a9-7e\"] mark.kt-highlight{font-style:normal;color:#f76a0c;-webkit-box-decoration-break:clone;box-decoration-break:clone;padding-top:0px;padding-right:0px;padding-bottom:0px;padding-left:0px;}.wp-block-kadence-advancedheading.kt-adv-heading770_ee17a9-7e img.kb-inline-image, .wp-block-kadence-advancedheading.kt-adv-heading770_ee17a9-7e[data-kb-block=\"kb-adv-heading770_ee17a9-7e\"] img.kb-inline-image{width:150px;vertical-align:baseline;}<\/style>\n<h1 class=\"kt-adv-heading770_ee17a9-7e wp-block-kadence-advancedheading\" data-kb-block=\"kb-adv-heading770_ee17a9-7e\">Bokningsvillkor<\/h1>\n\n\n<style>.wp-block-kadence-advancedheading.kt-adv-heading770_cfcd56-cf, .wp-block-kadence-advancedheading.kt-adv-heading770_cfcd56-cf[data-kb-block=\"kb-adv-heading770_cfcd56-cf\"]{font-style:normal;}.wp-block-kadence-advancedheading.kt-adv-heading770_cfcd56-cf mark.kt-highlight, .wp-block-kadence-advancedheading.kt-adv-heading770_cfcd56-cf[data-kb-block=\"kb-adv-heading770_cfcd56-cf\"] mark.kt-highlight{font-style:normal;color:#f76a0c;-webkit-box-decoration-break:clone;box-decoration-break:clone;padding-top:0px;padding-right:0px;padding-bottom:0px;padding-left:0px;}.wp-block-kadence-advancedheading.kt-adv-heading770_cfcd56-cf img.kb-inline-image, .wp-block-kadence-advancedheading.kt-adv-heading770_cfcd56-cf[data-kb-block=\"kb-adv-heading770_cfcd56-cf\"] img.kb-inline-image{width:150px;vertical-align:baseline;}<\/style>\n<h5 class=\"kt-adv-heading770_cfcd56-cf wp-block-kadence-advancedheading\" data-kb-block=\"kb-adv-heading770_cfcd56-cf\">Bokningsvillkor och \u00e4ndringar<\/h5>\n\n\n\n<p>Vi f\u00f6rbeh\u00e5ller oss r\u00e4tten att \u00e4ndra tidtabeller och priser. <\/p>\n\n\n\n<p>Bokningar kan f\u00f6rflyttas avgiftsfritt senast f\u00f6reg\u00e5ende arbetsdag f\u00f6re kl. 15.00.<\/p>\n\n\n\n<p>Barnbiljetten \u00e4r f\u00f6r 7-16 \u00e5ringar 0-6 \u00e5ringar \u00e5ker gratis.<\/p>\n\n\n\n<p>Pension\u00e4rsbiljetten \u00e4r menad f\u00f6r pension\u00e4rer (65+ \u00e5r) och sjukpension\u00e4rer.<\/p>\n\n\n\n<p>Studerandebiljetten \u00e4r avsedd f\u00f6r studeranden, som har ett giltigt studiekort. V\u00e4nligen var beredd att visa upp ditt studiekort p\u00e5 beg\u00e4ran. <\/p>\n\n\n\n<p>Grupprabatt p\u00e5 -10% f\u00f6r en grupp p\u00e5 minst 15 personer. Rabatten beviljas endast p\u00e5 biljetten.<\/p>\n\n\n<style>.wp-block-kadence-advancedheading.kt-adv-heading770_f57c4e-a5, .wp-block-kadence-advancedheading.kt-adv-heading770_f57c4e-a5[data-kb-block=\"kb-adv-heading770_f57c4e-a5\"]{padding-top:40px;font-style:normal;}.wp-block-kadence-advancedheading.kt-adv-heading770_f57c4e-a5 mark.kt-highlight, .wp-block-kadence-advancedheading.kt-adv-heading770_f57c4e-a5[data-kb-block=\"kb-adv-heading770_f57c4e-a5\"] mark.kt-highlight{font-style:normal;color:#f76a0c;-webkit-box-decoration-break:clone;box-decoration-break:clone;padding-top:0px;padding-right:0px;padding-bottom:0px;padding-left:0px;}.wp-block-kadence-advancedheading.kt-adv-heading770_f57c4e-a5 img.kb-inline-image, .wp-block-kadence-advancedheading.kt-adv-heading770_f57c4e-a5[data-kb-block=\"kb-adv-heading770_f57c4e-a5\"] img.kb-inline-image{width:150px;vertical-align:baseline;}<\/style>\n<h2 class=\"kt-adv-heading770_f57c4e-a5 wp-block-kadence-advancedheading\" data-kb-block=\"kb-adv-heading770_f57c4e-a5\">Avbokningsvillkor<\/h2>\n\n\n<style>.wp-block-kadence-advancedheading.kt-adv-heading770_b356fe-5b, .wp-block-kadence-advancedheading.kt-adv-heading770_b356fe-5b[data-kb-block=\"kb-adv-heading770_b356fe-5b\"]{font-style:normal;}.wp-block-kadence-advancedheading.kt-adv-heading770_b356fe-5b mark.kt-highlight, .wp-block-kadence-advancedheading.kt-adv-heading770_b356fe-5b[data-kb-block=\"kb-adv-heading770_b356fe-5b\"] mark.kt-highlight{font-style:normal;color:#f76a0c;-webkit-box-decoration-break:clone;box-decoration-break:clone;padding-top:0px;padding-right:0px;padding-bottom:0px;padding-left:0px;}.wp-block-kadence-advancedheading.kt-adv-heading770_b356fe-5b img.kb-inline-image, .wp-block-kadence-advancedheading.kt-adv-heading770_b356fe-5b[data-kb-block=\"kb-adv-heading770_b356fe-5b\"] img.kb-inline-image{width:150px;vertical-align:baseline;}<\/style>\n<h5 class=\"kt-adv-heading770_b356fe-5b wp-block-kadence-advancedheading\" data-kb-block=\"kb-adv-heading770_b356fe-5b\">Regulj\u00e4rrutter<\/h5>\n\n\n\n<p>Vid avbokning 10 dagar f\u00f6re kryssningen debiterar vi 0% av kryssningens pris.<\/p>\n\n\n\n<ul class=\"wp-block-list\">\n<li>9-7 dagar f\u00f6re kryssningen debiterar vi 25 % av det totala kryssningspriset.<\/li>\n\n\n\n<li>6-3 dagar f\u00f6re kryssningen debiterar vi 50 % av det totala kryssningspriset.<\/li>\n\n\n\n<li>2-0 dagar f\u00f6re kryssning debiterar vi 90 % av det totala kryssningspriset.<\/li>\n<\/ul>\n\n\n<style>.wp-block-kadence-advancedheading.kt-adv-heading770_b060b1-68, .wp-block-kadence-advancedheading.kt-adv-heading770_b060b1-68[data-kb-block=\"kb-adv-heading770_b060b1-68\"]{font-style:normal;}.wp-block-kadence-advancedheading.kt-adv-heading770_b060b1-68 mark.kt-highlight, .wp-block-kadence-advancedheading.kt-adv-heading770_b060b1-68[data-kb-block=\"kb-adv-heading770_b060b1-68\"] mark.kt-highlight{font-style:normal;color:#f76a0c;-webkit-box-decoration-break:clone;box-decoration-break:clone;padding-top:0px;padding-right:0px;padding-bottom:0px;padding-left:0px;}.wp-block-kadence-advancedheading.kt-adv-heading770_b060b1-68 img.kb-inline-image, .wp-block-kadence-advancedheading.kt-adv-heading770_b060b1-68[data-kb-block=\"kb-adv-heading770_b060b1-68\"] img.kb-inline-image{width:150px;vertical-align:baseline;}<\/style>\n<h5 class=\"kt-adv-heading770_b060b1-68 wp-block-kadence-advancedheading\" data-kb-block=\"kb-adv-heading770_b060b1-68\">Charterkryssningar<\/h5>\n\n\n\n<ul class=\"wp-block-list\">\n<li>Vid avbokning 14 dagar f\u00f6re kryssningen debiteras 50% av kryssningspriset.<\/li>\n\n\n\n<li>Vid avbokning 2-0 dagar f\u00f6re kryssningen debiterar vi 90% av priset.<\/li>\n<\/ul>\n\n\n\n<p>Vid avbokning av matservering 7 dagar eller senare f\u00f6r kryssningen debiterar vi 100 % f\u00f6r best\u00e4lld servering.<\/p>\n<\/div><\/div>\n\n<\/div><\/div>","protected":false},"excerpt":{"rendered":"<p>Bokningsvillkor Bokningsvillkor och \u00e4ndringar Vi f\u00f6rbeh\u00e5ller oss r\u00e4tten att \u00e4ndra tidtabeller och priser. Bokningar kan f\u00f6rflyttas avgiftsfritt senast f\u00f6reg\u00e5ende arbetsdag f\u00f6re kl. 15.00. Barnbiljetten \u00e4r f\u00f6r 7-16 \u00e5ringar 0-6 \u00e5ringar \u00e5ker gratis. Pension\u00e4rsbiljetten \u00e4r menad f\u00f6r pension\u00e4rer (65+ \u00e5r) och sjukpension\u00e4rer. Studerandebiljetten \u00e4r avsedd f\u00f6r studeranden, som har ett giltigt studiekort. V\u00e4nligen var beredd att&#8230;<\/p>\n","protected":false},"author":1,"featured_media":115,"parent":0,"menu_order":0,"comment_status":"closed","ping_status":"closed","template":"","meta":{"_kad_blocks_custom_css":"","_kad_blocks_head_custom_js":"","_kad_blocks_body_custom_js":"","_kad_blocks_footer_custom_js":"","_kad_post_transparent":"","_kad_post_title":"hide","_kad_post_layout":"fullwidth","_kad_post_sidebar_id":"","_kad_post_content_style":"unboxed","_kad_post_vertical_padding":"hide","_kad_post_feature":"hide","_kad_post_feature_position":"","_kad_post_header":false,"_kad_post_footer":false,"_kad_post_classname":"","footnotes":""},"class_list":["post-909","page","type-page","status-publish","has-post-thumbnail","hentry"],"yoast_head":"<!-- This site is optimized with the Yoast SEO plugin v27.3 - https:\/\/yoast.com\/product\/yoast-seo-wordpress\/ -->\n<title>Bokningsvillkor - m\/s J.L. Runeberg<\/title>\n<meta name=\"description\" content=\"Regulj\u00e4rtrafikens och charterkryssningars bokningsvillkor, avbokningsvillkor occh \u00e4ndringar. Vi f\u00f6rbeh\u00e5ller oss r\u00e4tten till \u00e4ndringar.\" \/>\n<meta name=\"robots\" content=\"index, follow, max-snippet:-1, max-image-preview:large, max-video-preview:-1\" \/>\n<link rel=\"canonical\" href=\"https:\/\/msjlruneberg.fi\/sv\/bokningsvillkor\/\" \/>\n<meta property=\"og:locale\" content=\"sv_SE\" \/>\n<meta property=\"og:type\" content=\"article\" \/>\n<meta property=\"og:title\" content=\"Bokningsvillkor - m\/s J.L. Runeberg\" \/>\n<meta property=\"og:description\" content=\"Regulj\u00e4rtrafikens och charterkryssningars bokningsvillkor, avbokningsvillkor occh \u00e4ndringar. Vi f\u00f6rbeh\u00e5ller oss r\u00e4tten till \u00e4ndringar.\" \/>\n<meta property=\"og:url\" content=\"https:\/\/msjlruneberg.fi\/sv\/bokningsvillkor\/\" \/>\n<meta property=\"og:site_name\" content=\"m\/s J.L. Runeberg\" \/>\n<meta property=\"article:publisher\" content=\"https:\/\/www.facebook.com\/msjlruneberg\/\" \/>\n<meta property=\"article:modified_time\" content=\"2024-09-25T06:30:11+00:00\" \/>\n<meta property=\"og:image\" content=\"https:\/\/msjlruneberg.fi\/wp-content\/uploads\/2023\/03\/ms-jl-runeberg-ilta-auringossa-2.jpg\" \/>\n\t<meta property=\"og:image:width\" content=\"1200\" \/>\n\t<meta property=\"og:image:height\" content=\"675\" \/>\n\t<meta property=\"og:image:type\" content=\"image\/jpeg\" \/>\n<meta name=\"twitter:card\" content=\"summary_large_image\" \/>\n<meta name=\"twitter:label1\" content=\"Ber\u00e4knad l\u00e4stid\" \/>\n\t<meta name=\"twitter:data1\" content=\"1 minut\" \/>\n<script type=\"application\/ld+json\" class=\"yoast-schema-graph\">{\"@context\":\"https:\\\/\\\/schema.org\",\"@graph\":[{\"@type\":\"WebPage\",\"@id\":\"https:\\\/\\\/msjlruneberg.fi\\\/sv\\\/bokningsvillkor\\\/\",\"url\":\"https:\\\/\\\/msjlruneberg.fi\\\/sv\\\/bokningsvillkor\\\/\",\"name\":\"Bokningsvillkor - m\\\/s J.L. Runeberg\",\"isPartOf\":{\"@id\":\"https:\\\/\\\/msjlruneberg.fi\\\/sv\\\/#website\"},\"primaryImageOfPage\":{\"@id\":\"https:\\\/\\\/msjlruneberg.fi\\\/sv\\\/bokningsvillkor\\\/#primaryimage\"},\"image\":{\"@id\":\"https:\\\/\\\/msjlruneberg.fi\\\/sv\\\/bokningsvillkor\\\/#primaryimage\"},\"thumbnailUrl\":\"https:\\\/\\\/msjlruneberg.fi\\\/wp-content\\\/uploads\\\/2023\\\/03\\\/ms-jl-runeberg-ilta-auringossa-2.jpg\",\"datePublished\":\"2023-03-29T16:27:37+00:00\",\"dateModified\":\"2024-09-25T06:30:11+00:00\",\"description\":\"Regulj\u00e4rtrafikens och charterkryssningars bokningsvillkor, avbokningsvillkor occh \u00e4ndringar. Vi f\u00f6rbeh\u00e5ller oss r\u00e4tten till \u00e4ndringar.\",\"breadcrumb\":{\"@id\":\"https:\\\/\\\/msjlruneberg.fi\\\/sv\\\/bokningsvillkor\\\/#breadcrumb\"},\"inLanguage\":\"sv-SE\",\"potentialAction\":[{\"@type\":\"ReadAction\",\"target\":[\"https:\\\/\\\/msjlruneberg.fi\\\/sv\\\/bokningsvillkor\\\/\"]}]},{\"@type\":\"ImageObject\",\"inLanguage\":\"sv-SE\",\"@id\":\"https:\\\/\\\/msjlruneberg.fi\\\/sv\\\/bokningsvillkor\\\/#primaryimage\",\"url\":\"https:\\\/\\\/msjlruneberg.fi\\\/wp-content\\\/uploads\\\/2023\\\/03\\\/ms-jl-runeberg-ilta-auringossa-2.jpg\",\"contentUrl\":\"https:\\\/\\\/msjlruneberg.fi\\\/wp-content\\\/uploads\\\/2023\\\/03\\\/ms-jl-runeberg-ilta-auringossa-2.jpg\",\"width\":1200,\"height\":675,\"caption\":\"m\\\/s J.L. Runeberg i kv\u00e4llssolen. P\u00e5 bilden syns en stenbryggga.\"},{\"@type\":\"BreadcrumbList\",\"@id\":\"https:\\\/\\\/msjlruneberg.fi\\\/sv\\\/bokningsvillkor\\\/#breadcrumb\",\"itemListElement\":[{\"@type\":\"ListItem\",\"position\":1,\"name\":\"Etusivu\",\"item\":\"https:\\\/\\\/msjlruneberg.fi\\\/sv\\\/\"},{\"@type\":\"ListItem\",\"position\":2,\"name\":\"Bokningsvillkor\"}]},{\"@type\":\"WebSite\",\"@id\":\"https:\\\/\\\/msjlruneberg.fi\\\/sv\\\/#website\",\"url\":\"https:\\\/\\\/msjlruneberg.fi\\\/sv\\\/\",\"name\":\"m\\\/s J.L. Runeberg\",\"description\":\"Kryssningar fr\u00e5n Helsingfors till Borg\u00e5 och Lovisa.\",\"publisher\":{\"@id\":\"https:\\\/\\\/msjlruneberg.fi\\\/sv\\\/#organization\"},\"alternateName\":\"Runeberg laiva\",\"potentialAction\":[{\"@type\":\"SearchAction\",\"target\":{\"@type\":\"EntryPoint\",\"urlTemplate\":\"https:\\\/\\\/msjlruneberg.fi\\\/sv\\\/?s={search_term_string}\"},\"query-input\":{\"@type\":\"PropertyValueSpecification\",\"valueRequired\":true,\"valueName\":\"search_term_string\"}}],\"inLanguage\":\"sv-SE\"},{\"@type\":\"Organization\",\"@id\":\"https:\\\/\\\/msjlruneberg.fi\\\/sv\\\/#organization\",\"name\":\"Varustamo Oy J.L. Runeberg\",\"alternateName\":\"Runeberg\",\"url\":\"https:\\\/\\\/msjlruneberg.fi\\\/sv\\\/\",\"logo\":{\"@type\":\"ImageObject\",\"inLanguage\":\"sv-SE\",\"@id\":\"https:\\\/\\\/msjlruneberg.fi\\\/sv\\\/#\\\/schema\\\/logo\\\/image\\\/\",\"url\":\"https:\\\/\\\/msjlruneberg.fi\\\/wp-content\\\/uploads\\\/2023\\\/03\\\/msjl-logo-blue.png\",\"contentUrl\":\"https:\\\/\\\/msjlruneberg.fi\\\/wp-content\\\/uploads\\\/2023\\\/03\\\/msjl-logo-blue.png\",\"width\":400,\"height\":82,\"caption\":\"Varustamo Oy J.L. Runeberg\"},\"image\":{\"@id\":\"https:\\\/\\\/msjlruneberg.fi\\\/sv\\\/#\\\/schema\\\/logo\\\/image\\\/\"},\"sameAs\":[\"https:\\\/\\\/www.facebook.com\\\/msjlruneberg\\\/\",\"https:\\\/\\\/www.instagram.com\\\/msjlruneberg\\\/\",\"https:\\\/\\\/www.linkedin.com\\\/company\\\/m-s-j-l-runeberg\\\/\",\"https:\\\/\\\/www.youtube.com\\\/channel\\\/UCm0qggvrye3Rs50zKz86BeA\"]}]}<\/script>\n<!-- \/ Yoast SEO plugin. -->","yoast_head_json":{"title":"Bokningsvillkor - m\/s J.L. Runeberg","description":"Regulj\u00e4rtrafikens och charterkryssningars bokningsvillkor, avbokningsvillkor occh \u00e4ndringar. Vi f\u00f6rbeh\u00e5ller oss r\u00e4tten till \u00e4ndringar.","robots":{"index":"index","follow":"follow","max-snippet":"max-snippet:-1","max-image-preview":"max-image-preview:large","max-video-preview":"max-video-preview:-1"},"canonical":"https:\/\/msjlruneberg.fi\/sv\/bokningsvillkor\/","og_locale":"sv_SE","og_type":"article","og_title":"Bokningsvillkor - m\/s J.L. Runeberg","og_description":"Regulj\u00e4rtrafikens och charterkryssningars bokningsvillkor, avbokningsvillkor occh \u00e4ndringar. Vi f\u00f6rbeh\u00e5ller oss r\u00e4tten till \u00e4ndringar.","og_url":"https:\/\/msjlruneberg.fi\/sv\/bokningsvillkor\/","og_site_name":"m\/s J.L. Runeberg","article_publisher":"https:\/\/www.facebook.com\/msjlruneberg\/","article_modified_time":"2024-09-25T06:30:11+00:00","og_image":[{"width":1200,"height":675,"url":"https:\/\/msjlruneberg.fi\/wp-content\/uploads\/2023\/03\/ms-jl-runeberg-ilta-auringossa-2.jpg","type":"image\/jpeg"}],"twitter_card":"summary_large_image","twitter_misc":{"Ber\u00e4knad l\u00e4stid":"1 minut"},"schema":{"@context":"https:\/\/schema.org","@graph":[{"@type":"WebPage","@id":"https:\/\/msjlruneberg.fi\/sv\/bokningsvillkor\/","url":"https:\/\/msjlruneberg.fi\/sv\/bokningsvillkor\/","name":"Bokningsvillkor - m\/s J.L. Runeberg","isPartOf":{"@id":"https:\/\/msjlruneberg.fi\/sv\/#website"},"primaryImageOfPage":{"@id":"https:\/\/msjlruneberg.fi\/sv\/bokningsvillkor\/#primaryimage"},"image":{"@id":"https:\/\/msjlruneberg.fi\/sv\/bokningsvillkor\/#primaryimage"},"thumbnailUrl":"https:\/\/msjlruneberg.fi\/wp-content\/uploads\/2023\/03\/ms-jl-runeberg-ilta-auringossa-2.jpg","datePublished":"2023-03-29T16:27:37+00:00","dateModified":"2024-09-25T06:30:11+00:00","description":"Regulj\u00e4rtrafikens och charterkryssningars bokningsvillkor, avbokningsvillkor occh \u00e4ndringar. Vi f\u00f6rbeh\u00e5ller oss r\u00e4tten till \u00e4ndringar.","breadcrumb":{"@id":"https:\/\/msjlruneberg.fi\/sv\/bokningsvillkor\/#breadcrumb"},"inLanguage":"sv-SE","potentialAction":[{"@type":"ReadAction","target":["https:\/\/msjlruneberg.fi\/sv\/bokningsvillkor\/"]}]},{"@type":"ImageObject","inLanguage":"sv-SE","@id":"https:\/\/msjlruneberg.fi\/sv\/bokningsvillkor\/#primaryimage","url":"https:\/\/msjlruneberg.fi\/wp-content\/uploads\/2023\/03\/ms-jl-runeberg-ilta-auringossa-2.jpg","contentUrl":"https:\/\/msjlruneberg.fi\/wp-content\/uploads\/2023\/03\/ms-jl-runeberg-ilta-auringossa-2.jpg","width":1200,"height":675,"caption":"m\/s J.L. Runeberg i kv\u00e4llssolen. P\u00e5 bilden syns en stenbryggga."},{"@type":"BreadcrumbList","@id":"https:\/\/msjlruneberg.fi\/sv\/bokningsvillkor\/#breadcrumb","itemListElement":[{"@type":"ListItem","position":1,"name":"Etusivu","item":"https:\/\/msjlruneberg.fi\/sv\/"},{"@type":"ListItem","position":2,"name":"Bokningsvillkor"}]},{"@type":"WebSite","@id":"https:\/\/msjlruneberg.fi\/sv\/#website","url":"https:\/\/msjlruneberg.fi\/sv\/","name":"m\/s J.L. Runeberg","description":"Kryssningar fr\u00e5n Helsingfors till Borg\u00e5 och Lovisa.","publisher":{"@id":"https:\/\/msjlruneberg.fi\/sv\/#organization"},"alternateName":"Runeberg laiva","potentialAction":[{"@type":"SearchAction","target":{"@type":"EntryPoint","urlTemplate":"https:\/\/msjlruneberg.fi\/sv\/?s={search_term_string}"},"query-input":{"@type":"PropertyValueSpecification","valueRequired":true,"valueName":"search_term_string"}}],"inLanguage":"sv-SE"},{"@type":"Organization","@id":"https:\/\/msjlruneberg.fi\/sv\/#organization","name":"Varustamo Oy J.L. Runeberg","alternateName":"Runeberg","url":"https:\/\/msjlruneberg.fi\/sv\/","logo":{"@type":"ImageObject","inLanguage":"sv-SE","@id":"https:\/\/msjlruneberg.fi\/sv\/#\/schema\/logo\/image\/","url":"https:\/\/msjlruneberg.fi\/wp-content\/uploads\/2023\/03\/msjl-logo-blue.png","contentUrl":"https:\/\/msjlruneberg.fi\/wp-content\/uploads\/2023\/03\/msjl-logo-blue.png","width":400,"height":82,"caption":"Varustamo Oy J.L. Runeberg"},"image":{"@id":"https:\/\/msjlruneberg.fi\/sv\/#\/schema\/logo\/image\/"},"sameAs":["https:\/\/www.facebook.com\/msjlruneberg\/","https:\/\/www.instagram.com\/msjlruneberg\/","https:\/\/www.linkedin.com\/company\/m-s-j-l-runeberg\/","https:\/\/www.youtube.com\/channel\/UCm0qggvrye3Rs50zKz86BeA"]}]}},"taxonomy_info":[],"featured_image_src_large":["https:\/\/msjlruneberg.fi\/wp-content\/uploads\/2023\/03\/ms-jl-runeberg-ilta-auringossa-2-1024x576.jpg",1024,576,true],"author_info":{"display_name":"admin","author_link":"https:\/\/msjlruneberg.fi\/sv\/author\/pamela_pvil2gjg\/"},"comment_info":"","_links":{"self":[{"href":"https:\/\/msjlruneberg.fi\/sv\/wp-json\/wp\/v2\/pages\/909","targetHints":{"allow":["GET"]}}],"collection":[{"href":"https:\/\/msjlruneberg.fi\/sv\/wp-json\/wp\/v2\/pages"}],"about":[{"href":"https:\/\/msjlruneberg.fi\/sv\/wp-json\/wp\/v2\/types\/page"}],"author":[{"embeddable":true,"href":"https:\/\/msjlruneberg.fi\/sv\/wp-json\/wp\/v2\/users\/1"}],"replies":[{"embeddable":true,"href":"https:\/\/msjlruneberg.fi\/sv\/wp-json\/wp\/v2\/comments?post=909"}],"version-history":[{"count":2,"href":"https:\/\/msjlruneberg.fi\/sv\/wp-json\/wp\/v2\/pages\/909\/revisions"}],"predecessor-version":[{"id":2826,"href":"https:\/\/msjlruneberg.fi\/sv\/wp-json\/wp\/v2\/pages\/909\/revisions\/2826"}],"wp:featuredmedia":[{"embeddable":true,"href":"https:\/\/msjlruneberg.fi\/sv\/wp-json\/wp\/v2\/media\/115"}],"wp:attachment":[{"href":"https:\/\/msjlruneberg.fi\/sv\/wp-json\/wp\/v2\/media?parent=909"}],"curies":[{"name":"wp","href":"https:\/\/api.w.org\/{rel}","templated":true}]}}