{"id":2846,"date":"2024-12-02T22:03:51","date_gmt":"2024-12-02T20:03:51","guid":{"rendered":"https:\/\/msjlruneberg.fi\/tietosuojalausunto-eu\/"},"modified":"2024-12-02T22:17:44","modified_gmt":"2024-12-02T20:17:44","slug":"tietosuojalausunto-eu","status":"publish","type":"page","link":"https:\/\/msjlruneberg.fi\/sv\/tietosuojalausunto-eu\/","title":{"rendered":"Sekretesspolicy (EU)"},"content":{"rendered":"\n<!-- Legal document generated by Complianz | GDPR\/CCPA Cookie Consent https:\/\/wordpress.org\/plugins\/complianz-gdpr -->\n<div id=\"cmplz-document\" class=\"cmplz-document privacy-statement cmplz-document-eu\"><p><i>Denna integritetspolicy uppdaterades senast den 2 juli 2025 och g\u00e4ller f\u00f6r medborgare och lagligt permanent bosatta i Europeiska ekonomiska samarbetsomr\u00e5det och Schweiz.<\/i><br \/><br \/><\/p><p><p>I den h\u00e4r sekretesspolicyn redog\u00f6r vi f\u00f6r vad vi g\u00f6r med de uppgifter som vi f\u00e5r om dig via <a href=\"https:\/\/msjlruneberg.fi\/sv\/\">https:\/\/msjlruneberg.fi\/sv\/<\/a>. Vi rekommenderar att du l\u00e4ser denna redog\u00f6relse noggrant. Vid v\u00e5r behandling f\u00f6ljer vi kraven i lagstiftningen om skydd av personuppgifter. Det inneb\u00e4r bland annat att:<\/p><ul>\n                <li>vi redog\u00f6r tydligt f\u00f6r de syften f\u00f6r vilka vi behandlar personuppgifter. Detta g\u00f6r vi genom denna integritetspolicy;<\/li>\n                <li>vi str\u00e4var efter att begr\u00e4nsa v\u00e5r insamling av personuppgifter till endast de personuppgifter som kr\u00e4vs f\u00f6r legitima \u00e4ndam\u00e5l;<\/li>\n                <li>vi beg\u00e4r f\u00f6rst ditt uttryckliga samtycke f\u00f6r att behandla dina personuppgifter i de fall som kr\u00e4ver ditt samtycke;<\/li>\n                <li>vi vidtar l\u00e4mpliga s\u00e4kerhets\u00e5tg\u00e4rder f\u00f6r att skydda dina personuppgifter och kr\u00e4ver detta \u00e4ven av de parter som behandlar personuppgifter f\u00f6r v\u00e5r r\u00e4kning;<\/li>\n                <li>vi respekterar din r\u00e4tt att f\u00e5 tillg\u00e5ng till dina personuppgifter eller att f\u00e5 dem korrigerade eller raderade p\u00e5 din beg\u00e4ran.<\/li>\n            <\/ul><p>Om du har n\u00e5gra fr\u00e5gor eller vill veta exakt vilka uppgifter vi har om dig, v\u00e4nligen kontakta oss.<\/p><\/p><h2>1. Syfte, uppgifter och lagringsperiod<\/h2>Vi kan samla in eller ta emot personlig information f\u00f6r ett antal syften som \u00e4r kopplade till v\u00e5r aff\u00e4rsverksamhet och som kan inkludera f\u00f6ljande: (klicka f\u00f6r att expandera)<details class=\"cmplz-dropdown dropdown-privacy-statement\"><summary><div><h3>1.1 Kontakt &#8211; via telefon, post, e-post och\/eller webbformul\u00e4r<\/h3><\/div><\/summary><p class=\"cmplz-subtitle\">F\u00f6r detta syfte anv\u00e4nder vi f\u00f6ljande uppgifter:<\/p><p><ul><li>Ett f\u00f6r-och efternamn<\/li><li>En e-postadress<\/li><li>Ett telefonnummer<\/li><\/ul><\/p><p class=\"cmplz-subtitle\">Den grund p\u00e5 vilken vi kan behandla dessa uppgifter \u00e4r:<\/p><p><a target=\"_blank\" rel=\"noopener noreferrer nofollow\" href=\"https:\/\/cookiedatabase.org\/legal-bases\/#consent\">Efter att samtycke har l\u00e4mnats.<\/a><\/p><p class=\"cmplz-subtitle\">Lagringsperiod<\/p><p>Vi beh\u00e5ller dessa uppgifter tills tj\u00e4nsten avslutas.<\/p><\/details><h2>2. Cookies<\/h2><p>V\u00e5r webbplats anv\u00e4nder cookies. F\u00f6r mer information om cookies, se v\u00e5r <a href=\"https:\/\/msjlruneberg.fi\/sv\/evastekaytanto-eu\/\">Cookiepolicy<\/a>.&nbsp;<\/p><h2>3. Praxis f\u00f6r offentligg\u00f6rande av uppgifter<\/h2><p><p>Vi l\u00e4mnar ut personuppgifter om vi \u00e4r skyldiga att l\u00e4mna ut dem enligt lag eller domstolsbeslut, som svar p\u00e5 ett brottsbek\u00e4mpande organ, i den m\u00e5n det \u00e4r till\u00e5tet enligt andra best\u00e4mmelser i lagen, f\u00f6r att tillhandah\u00e5lla information eller f\u00f6r en utredning av en fr\u00e5ga som r\u00f6r den allm\u00e4nna s\u00e4kerheten.<\/p><p>Om v\u00e5r webbplats eller organisation tas \u00f6ver, s\u00e4ljs eller \u00e4r inblandad i en sammanslagning eller ett f\u00f6rv\u00e4rv kan dina uppgifter avsl\u00f6jas f\u00f6r v\u00e5ra r\u00e5dgivare och eventuella potentiella k\u00f6pare och \u00f6verl\u00e4mnas till de nya \u00e4garna.<\/p><\/p><p>Vi har ing\u00e5tt ett databehandlingsavtal med Google.<\/p><p>Google f\u00e5r inte anv\u00e4nda uppgifterna f\u00f6r andra Google-tj\u00e4nster.<\/p><p>Vi blockerar uppgifter om fullst\u00e4ndiga IP-adresser.<\/p><h2>4. S\u00e4kerhet<\/h2><p>Vi har \u00e5tagit oss att skydda personuppgifter. Vi vidtar l\u00e4mpliga s\u00e4kerhets\u00e5tg\u00e4rder f\u00f6r att begr\u00e4nsa missbruk av och obeh\u00f6rig \u00e5tkomst till personuppgifter. Detta s\u00e4kerst\u00e4ller att endast n\u00f6dv\u00e4ndiga personer har tillg\u00e5ng till dina uppgifter, att tillg\u00e5ngen till uppgifterna \u00e4r skyddad och att v\u00e5ra s\u00e4kerhets\u00e5tg\u00e4rder regelbundet ses \u00f6ver.<\/p><h2>5. Tredje-parts webbplatser<\/h2><p>Denna integritetspolicy g\u00e4ller inte f\u00f6r webbplatser fr\u00e5n tredje-part som \u00e4r anslutna via l\u00e4nkar p\u00e5 v\u00e5r webbplats. Vi kan inte garantera att dessa tredje parter hanterar dina personuppgifter p\u00e5 ett tillf\u00f6rlitligt eller s\u00e4kert s\u00e4tt. Vi rekommenderar att du l\u00e4ser dessa webbplatsers integritetspolicy innan du anv\u00e4nder dessa webbplatser.<\/p><h2>6. \u00c4ndringar av denna integritetspolicy<\/h2><p>Vi f\u00f6rbeh\u00e5ller oss r\u00e4tten att g\u00f6ra \u00e4ndringar i denna integritetspolicy. Vi rekommenderar att du regelbundet l\u00e4ser denna integritetspolicy f\u00f6r att f\u00e5 k\u00e4nnedom om eventuella \u00e4ndringar. Dessutom kommer vi att aktivt informera dig n\u00e4r det \u00e4r m\u00f6jligt.<\/p><h2>7. Tillg\u00e5ng till och \u00e4ndring av dina uppgifter<\/h2><p>Om du har n\u00e5gra fr\u00e5gor eller vill veta vilka personuppgifter vi har om dig, v\u00e4nligen kontakta oss. Du kan kontakta oss genom att anv\u00e4nda informationen nedan. Du har f\u00f6ljande r\u00e4ttigheter:<\/p><ul>\n                <li>Du har r\u00e4tt att f\u00e5 veta varf\u00f6r dina personuppgifter beh\u00f6vs, vad som kommer att h\u00e4nda med dem och hur l\u00e4nge de kommer att sparas.<\/li>\n                <li>R\u00e4tt till tillg\u00e5ng: Du har r\u00e4tt att f\u00e5 tillg\u00e5ng till dina personuppgifter som vi k\u00e4nner till.<\/li>\n                <li>R\u00e4tt till r\u00e4ttelse: Du har r\u00e4tt att komplettera, korrigera, f\u00e5 dina personuppgifter raderade eller blockerade n\u00e4r du vill.<\/li>\n                <li>Om du ger oss ditt samtycke till att behandla dina uppgifter har du r\u00e4tt att \u00e5terkalla detta samtycke och f\u00e5 dina personuppgifter raderade.<\/li>\n                <li>R\u00e4tt att \u00f6verf\u00f6ra dina uppgifter: Du har r\u00e4tt att beg\u00e4ra ut alla dina personuppgifter fr\u00e5n den personuppgiftsansvarige och \u00f6verf\u00f6ra dem i sin helhet till en annan personuppgiftsansvarig.<\/li>\n                <li>R\u00e4tt att inv\u00e4nda: Du kan inv\u00e4nda mot behandlingen av dina uppgifter. Vi tar h\u00e4nsyn till detta, om det inte finns motiverade sk\u00e4l f\u00f6r behandlingen.<\/li>\n            <\/ul><p>Se till att du alltid tydligt anger vem du \u00e4r, s\u00e5 att vi kan vara s\u00e4kra p\u00e5 att vi inte \u00e4ndrar eller raderar uppgifter om fel person.<\/p><h2>8. Inl\u00e4mning av klagom\u00e5l<\/h2><p>Om du inte \u00e4r n\u00f6jd med det s\u00e4tt p\u00e5 vilket vi hanterar (ett klagom\u00e5l om) behandlingen av dina personuppgifter har du r\u00e4tt att l\u00e4mna in ett klagom\u00e5l till dataskyddsmyndigheten.<\/p><h2>9. Kontaktuppgifter<\/h2><p>Rederi Ab J. L. Runeberg<br \/>\n        M\u00e4starv\u00e4gen 5, Mestarintie 5<br \/>\n06150 Porvoo &#8211; Borg\u00e5<br \/>\n        Finland<br \/>\n        Webbplats: <a href=\"https:\/\/msjlruneberg.fi\/sv\/\">https:\/\/msjlruneberg.fi\/sv\/<\/a> <br \/>\n        E-post: <span class=\"cmplz-obfuscate\">r&#117;n&#101;&#098;erg@<span class=\"cmplz-fmail-domain\">&#101;&#120;&#046;c&#111;&#109;<\/span>m&#115;jlr&#117;n&#101;&#098;e&#114;g.&#102;i<\/span> <br \/>\n        Telefonnummer: 0405489005<\/p><\/div>","protected":false},"excerpt":{"rendered":"","protected":false},"author":1,"featured_media":0,"parent":0,"menu_order":0,"comment_status":"closed","ping_status":"closed","template":"","meta":{"_kad_blocks_custom_css":"","_kad_blocks_head_custom_js":"","_kad_blocks_body_custom_js":"","_kad_blocks_footer_custom_js":"","_kad_post_transparent":"","_kad_post_title":"","_kad_post_layout":"","_kad_post_sidebar_id":"","_kad_post_content_style":"unboxed","_kad_post_vertical_padding":"","_kad_post_feature":"","_kad_post_feature_position":"","_kad_post_header":false,"_kad_post_footer":false,"_kad_post_classname":"","footnotes":""},"class_list":["post-2846","page","type-page","status-publish","hentry"],"yoast_head":"<!-- This site is optimized with the Yoast SEO plugin v27.2 - https:\/\/yoast.com\/product\/yoast-seo-wordpress\/ -->\n<title>Sekretesspolicy (EU) - m\/s J.L. Runeberg<\/title>\n<meta name=\"robots\" content=\"index, follow, max-snippet:-1, max-image-preview:large, max-video-preview:-1\" \/>\n<link rel=\"canonical\" href=\"https:\/\/msjlruneberg.fi\/sv\/tietosuojalausunto-eu\/\" \/>\n<meta property=\"og:locale\" content=\"sv_SE\" \/>\n<meta property=\"og:type\" content=\"article\" \/>\n<meta property=\"og:title\" content=\"Sekretesspolicy (EU) - m\/s J.L. Runeberg\" \/>\n<meta property=\"og:url\" content=\"https:\/\/msjlruneberg.fi\/sv\/tietosuojalausunto-eu\/\" \/>\n<meta property=\"og:site_name\" content=\"m\/s J.L. Runeberg\" \/>\n<meta property=\"article:publisher\" content=\"https:\/\/www.facebook.com\/msjlruneberg\/\" \/>\n<meta property=\"article:modified_time\" content=\"2024-12-02T20:17:44+00:00\" \/>\n<meta property=\"og:image\" content=\"https:\/\/msjlruneberg.fi\/wp-content\/uploads\/2023\/03\/ms-jl-runeberg-ilta-auringossa-2.jpg\" \/>\n\t<meta property=\"og:image:width\" content=\"1200\" \/>\n\t<meta property=\"og:image:height\" content=\"675\" \/>\n\t<meta property=\"og:image:type\" content=\"image\/jpeg\" \/>\n<meta name=\"twitter:card\" content=\"summary_large_image\" \/>\n<script type=\"application\/ld+json\" class=\"yoast-schema-graph\">{\"@context\":\"https:\/\/schema.org\",\"@graph\":[{\"@type\":\"WebPage\",\"@id\":\"https:\/\/msjlruneberg.fi\/sv\/tietosuojalausunto-eu\/\",\"url\":\"https:\/\/msjlruneberg.fi\/sv\/tietosuojalausunto-eu\/\",\"name\":\"Sekretesspolicy (EU) - m\/s J.L. Runeberg\",\"isPartOf\":{\"@id\":\"https:\/\/msjlruneberg.fi\/sv\/#website\"},\"datePublished\":\"2024-12-02T20:03:51+00:00\",\"dateModified\":\"2024-12-02T20:17:44+00:00\",\"breadcrumb\":{\"@id\":\"https:\/\/msjlruneberg.fi\/sv\/tietosuojalausunto-eu\/#breadcrumb\"},\"inLanguage\":\"sv-SE\",\"potentialAction\":[{\"@type\":\"ReadAction\",\"target\":[\"https:\/\/msjlruneberg.fi\/sv\/tietosuojalausunto-eu\/\"]}]},{\"@type\":\"BreadcrumbList\",\"@id\":\"https:\/\/msjlruneberg.fi\/sv\/tietosuojalausunto-eu\/#breadcrumb\",\"itemListElement\":[{\"@type\":\"ListItem\",\"position\":1,\"name\":\"Etusivu\",\"item\":\"https:\/\/msjlruneberg.fi\/sv\/\"},{\"@type\":\"ListItem\",\"position\":2,\"name\":\"Sekretesspolicy (EU)\"}]},{\"@type\":\"WebSite\",\"@id\":\"https:\/\/msjlruneberg.fi\/sv\/#website\",\"url\":\"https:\/\/msjlruneberg.fi\/sv\/\",\"name\":\"m\/s J.L. Runeberg\",\"description\":\"Kryssningar fr\u00e5n Helsingfors till Borg\u00e5 och Lovisa.\",\"publisher\":{\"@id\":\"https:\/\/msjlruneberg.fi\/sv\/#organization\"},\"alternateName\":\"Runeberg laiva\",\"potentialAction\":[{\"@type\":\"SearchAction\",\"target\":{\"@type\":\"EntryPoint\",\"urlTemplate\":\"https:\/\/msjlruneberg.fi\/sv\/?s={search_term_string}\"},\"query-input\":{\"@type\":\"PropertyValueSpecification\",\"valueRequired\":true,\"valueName\":\"search_term_string\"}}],\"inLanguage\":\"sv-SE\"},{\"@type\":\"Organization\",\"@id\":\"https:\/\/msjlruneberg.fi\/sv\/#organization\",\"name\":\"Varustamo Oy J.L. Runeberg\",\"alternateName\":\"Runeberg\",\"url\":\"https:\/\/msjlruneberg.fi\/sv\/\",\"logo\":{\"@type\":\"ImageObject\",\"inLanguage\":\"sv-SE\",\"@id\":\"https:\/\/msjlruneberg.fi\/sv\/#\/schema\/logo\/image\/\",\"url\":\"https:\/\/msjlruneberg.fi\/wp-content\/uploads\/2023\/03\/msjl-logo-blue.png\",\"contentUrl\":\"https:\/\/msjlruneberg.fi\/wp-content\/uploads\/2023\/03\/msjl-logo-blue.png\",\"width\":400,\"height\":82,\"caption\":\"Varustamo Oy J.L. Runeberg\"},\"image\":{\"@id\":\"https:\/\/msjlruneberg.fi\/sv\/#\/schema\/logo\/image\/\"},\"sameAs\":[\"https:\/\/www.facebook.com\/msjlruneberg\/\",\"https:\/\/www.instagram.com\/msjlruneberg\/\",\"https:\/\/www.linkedin.com\/company\/m-s-j-l-runeberg\/\",\"https:\/\/www.youtube.com\/channel\/UCm0qggvrye3Rs50zKz86BeA\"]}]}<\/script>\n<!-- \/ Yoast SEO plugin. -->","yoast_head_json":{"title":"Sekretesspolicy (EU) - m\/s J.L. Runeberg","robots":{"index":"index","follow":"follow","max-snippet":"max-snippet:-1","max-image-preview":"max-image-preview:large","max-video-preview":"max-video-preview:-1"},"canonical":"https:\/\/msjlruneberg.fi\/sv\/tietosuojalausunto-eu\/","og_locale":"sv_SE","og_type":"article","og_title":"Sekretesspolicy (EU) - m\/s J.L. Runeberg","og_url":"https:\/\/msjlruneberg.fi\/sv\/tietosuojalausunto-eu\/","og_site_name":"m\/s J.L. Runeberg","article_publisher":"https:\/\/www.facebook.com\/msjlruneberg\/","article_modified_time":"2024-12-02T20:17:44+00:00","og_image":[{"width":1200,"height":675,"url":"https:\/\/msjlruneberg.fi\/wp-content\/uploads\/2023\/03\/ms-jl-runeberg-ilta-auringossa-2.jpg","type":"image\/jpeg"}],"twitter_card":"summary_large_image","schema":{"@context":"https:\/\/schema.org","@graph":[{"@type":"WebPage","@id":"https:\/\/msjlruneberg.fi\/sv\/tietosuojalausunto-eu\/","url":"https:\/\/msjlruneberg.fi\/sv\/tietosuojalausunto-eu\/","name":"Sekretesspolicy (EU) - m\/s J.L. Runeberg","isPartOf":{"@id":"https:\/\/msjlruneberg.fi\/sv\/#website"},"datePublished":"2024-12-02T20:03:51+00:00","dateModified":"2024-12-02T20:17:44+00:00","breadcrumb":{"@id":"https:\/\/msjlruneberg.fi\/sv\/tietosuojalausunto-eu\/#breadcrumb"},"inLanguage":"sv-SE","potentialAction":[{"@type":"ReadAction","target":["https:\/\/msjlruneberg.fi\/sv\/tietosuojalausunto-eu\/"]}]},{"@type":"BreadcrumbList","@id":"https:\/\/msjlruneberg.fi\/sv\/tietosuojalausunto-eu\/#breadcrumb","itemListElement":[{"@type":"ListItem","position":1,"name":"Etusivu","item":"https:\/\/msjlruneberg.fi\/sv\/"},{"@type":"ListItem","position":2,"name":"Sekretesspolicy (EU)"}]},{"@type":"WebSite","@id":"https:\/\/msjlruneberg.fi\/sv\/#website","url":"https:\/\/msjlruneberg.fi\/sv\/","name":"m\/s J.L. Runeberg","description":"Kryssningar fr\u00e5n Helsingfors till Borg\u00e5 och Lovisa.","publisher":{"@id":"https:\/\/msjlruneberg.fi\/sv\/#organization"},"alternateName":"Runeberg laiva","potentialAction":[{"@type":"SearchAction","target":{"@type":"EntryPoint","urlTemplate":"https:\/\/msjlruneberg.fi\/sv\/?s={search_term_string}"},"query-input":{"@type":"PropertyValueSpecification","valueRequired":true,"valueName":"search_term_string"}}],"inLanguage":"sv-SE"},{"@type":"Organization","@id":"https:\/\/msjlruneberg.fi\/sv\/#organization","name":"Varustamo Oy J.L. Runeberg","alternateName":"Runeberg","url":"https:\/\/msjlruneberg.fi\/sv\/","logo":{"@type":"ImageObject","inLanguage":"sv-SE","@id":"https:\/\/msjlruneberg.fi\/sv\/#\/schema\/logo\/image\/","url":"https:\/\/msjlruneberg.fi\/wp-content\/uploads\/2023\/03\/msjl-logo-blue.png","contentUrl":"https:\/\/msjlruneberg.fi\/wp-content\/uploads\/2023\/03\/msjl-logo-blue.png","width":400,"height":82,"caption":"Varustamo Oy J.L. Runeberg"},"image":{"@id":"https:\/\/msjlruneberg.fi\/sv\/#\/schema\/logo\/image\/"},"sameAs":["https:\/\/www.facebook.com\/msjlruneberg\/","https:\/\/www.instagram.com\/msjlruneberg\/","https:\/\/www.linkedin.com\/company\/m-s-j-l-runeberg\/","https:\/\/www.youtube.com\/channel\/UCm0qggvrye3Rs50zKz86BeA"]}]}},"taxonomy_info":[],"featured_image_src_large":false,"author_info":{"display_name":"admin","author_link":"https:\/\/msjlruneberg.fi\/sv\/author\/pamela_pvil2gjg\/"},"comment_info":"","_links":{"self":[{"href":"https:\/\/msjlruneberg.fi\/sv\/wp-json\/wp\/v2\/pages\/2846","targetHints":{"allow":["GET"]}}],"collection":[{"href":"https:\/\/msjlruneberg.fi\/sv\/wp-json\/wp\/v2\/pages"}],"about":[{"href":"https:\/\/msjlruneberg.fi\/sv\/wp-json\/wp\/v2\/types\/page"}],"author":[{"embeddable":true,"href":"https:\/\/msjlruneberg.fi\/sv\/wp-json\/wp\/v2\/users\/1"}],"replies":[{"embeddable":true,"href":"https:\/\/msjlruneberg.fi\/sv\/wp-json\/wp\/v2\/comments?post=2846"}],"version-history":[{"count":1,"href":"https:\/\/msjlruneberg.fi\/sv\/wp-json\/wp\/v2\/pages\/2846\/revisions"}],"predecessor-version":[{"id":2847,"href":"https:\/\/msjlruneberg.fi\/sv\/wp-json\/wp\/v2\/pages\/2846\/revisions\/2847"}],"wp:attachment":[{"href":"https:\/\/msjlruneberg.fi\/sv\/wp-json\/wp\/v2\/media?parent=2846"}],"curies":[{"name":"wp","href":"https:\/\/api.w.org\/{rel}","templated":true}]}}